{"id":73,"date":"2020-10-05T12:37:28","date_gmt":"2020-10-05T12:37:28","guid":{"rendered":"https:\/\/neumacontrol.com.ec\/?page_id=73"},"modified":"2023-04-12T19:52:49","modified_gmt":"2023-04-12T19:52:49","slug":"proyectos","status":"publish","type":"page","link":"https:\/\/neumacontrol.com.ec\/?page_id=73","title":{"rendered":"Proyectos"},"content":{"rendered":"\t\t<div data-elementor-type=\"wp-page\" data-elementor-id=\"73\" class=\"elementor elementor-73\">\n\t\t\t\t\t\t<div class=\"elementor-inner\">\n\t\t\t\t<div class=\"elementor-section-wrap\">\n\t\t\t\t\t\t\t\t\t<section class=\"elementor-section elementor-top-section elementor-element elementor-element-ca96cdd elementor-section-boxed elementor-section-height-default elementor-section-height-default\" data-id=\"ca96cdd\" data-element_type=\"section\">\n\t\t\t\t\t\t<div class=\"elementor-container elementor-column-gap-no\">\n\t\t\t\t\t\t\t<div class=\"elementor-row\">\n\t\t\t\t\t<div class=\"aux-parallax-section elementor-column elementor-col-100 elementor-top-column elementor-element elementor-element-b0c5a6a\" data-id=\"b0c5a6a\" data-element_type=\"column\">\n\t\t\t<div class=\"elementor-column-wrap elementor-element-populated\">\n\t\t\t\t\t\t\t<div class=\"elementor-widget-wrap\">\n\t\t\t\t\t\t<section class=\"elementor-section elementor-inner-section elementor-element elementor-element-318d61b elementor-section-content-middle elementor-section-boxed elementor-section-height-default elementor-section-height-default\" data-id=\"318d61b\" data-element_type=\"section\">\n\t\t\t\t\t\t<div class=\"elementor-container elementor-column-gap-no\">\n\t\t\t\t\t\t\t<div class=\"elementor-row\">\n\t\t\t\t\t<div class=\"aux-parallax-section elementor-column elementor-col-50 elementor-inner-column elementor-element elementor-element-4bd2612\" data-id=\"4bd2612\" data-element_type=\"column\">\n\t\t\t<div class=\"elementor-column-wrap elementor-element-populated\">\n\t\t\t\t\t\t\t<div class=\"elementor-widget-wrap\">\n\t\t\t\t\t\t<div class=\"elementor-element elementor-element-82bf8b8 aux-appear-watch-animation aux-fade-in-right-1 elementor-widget elementor-widget-aux_modern_heading\" data-id=\"82bf8b8\" data-element_type=\"widget\" data-widget_type=\"aux_modern_heading.default\">\n\t\t\t\t<div class=\"elementor-widget-container\">\n\t\t\t<section class=\"aux-widget-modern-heading\">\n            <div class=\"aux-widget-inner\"><h5 class=\"aux-modern-heading-primary\">Proyectos<\/h5><h3 class=\"aux-modern-heading-secondary\"><span class=\"aux-head-before\">Ofrecemos soluciones<\/span><span class=\"aux-head-highlight\">exitosas<\/span><span class=\"aux-head-after\">a nivel Industrial<\/span><\/h3><\/div>\n        <\/section>\t\t<\/div>\n\t\t\t\t<\/div>\n\t\t\t\t\t\t<\/div>\n\t\t\t\t\t<\/div>\n\t\t<\/div>\n\t\t\t\t<div class=\"aux-parallax-section elementor-column elementor-col-50 elementor-inner-column elementor-element elementor-element-fdbc34f\" data-id=\"fdbc34f\" data-element_type=\"column\">\n\t\t\t<div class=\"elementor-column-wrap elementor-element-populated\">\n\t\t\t\t\t\t\t<div class=\"elementor-widget-wrap\">\n\t\t\t\t\t\t<div class=\"elementor-element elementor-element-d23831d aux-appear-watch-animation aux-fade-in-left-1 elementor-widget elementor-widget-aux_modern_heading\" data-id=\"d23831d\" data-element_type=\"widget\" data-widget_type=\"aux_modern_heading.default\">\n\t\t\t\t<div class=\"elementor-widget-container\">\n\t\t\t<section class=\"aux-widget-modern-heading\">\n            <div class=\"aux-widget-inner\"><h2 class=\"aux-modern-heading-primary\"><\/h2><div class=\"aux-modern-heading-description\"><p>En nuestros proyectos industriales, nos enfocamos en brindar soluciones personalizadas y de alta calidad, trabajando en estrecha colaboraci\u00f3n con nuestros clientes para comprender sus necesidades espec\u00edficas. Nuestro equipo de profesionales altamente capacitados trabaja con la \u00faltima tecnolog\u00eda y herramientas para garantizar la excelencia en cada proyecto.<\/p><\/div><\/div>\n        <\/section>\t\t<\/div>\n\t\t\t\t<\/div>\n\t\t\t\t\t\t<\/div>\n\t\t\t\t\t<\/div>\n\t\t<\/div>\n\t\t\t\t\t\t\t\t<\/div>\n\t\t\t\t\t<\/div>\n\t\t<\/section>\n\t\t\t\t<div class=\"elementor-element elementor-element-de73bac aux-appear-watch-animation aux-fade-in-up elementor-widget elementor-widget-aux_recent_portfolios_grid\" data-id=\"de73bac\" data-element_type=\"widget\" data-settings=\"{&quot;columns&quot;:&quot;3&quot;,&quot;columns_tablet&quot;:&quot;2&quot;,&quot;columns_mobile&quot;:&quot;1&quot;}\" data-widget_type=\"aux_recent_portfolios_grid.default\">\n\t\t\t\t<div class=\"elementor-widget-container\">\n\t\t\t<section class=\"widget-container aux-widget-recent-portfolios aux-parent-au367d1c06\" style=\"\" ><div id=\"69f4a629e81c2\" data-element-id=\"au367d1c06\" class=\"aux-portfolio-columns aux-ajax-view aux-isotope-animated aux-isotope-layout aux-layout-grid aux-no-gutter aux-row aux-match-height aux-de-col3 aux-tb-col2 aux-mb-col1\" data-lazyload=\"true\" data-space=\"30\" data-pagination=\"true\" data-deeplink=\"true\" data-slug=\"\" data-perpage=\"9\" data-layout=\"fitRows\" data-reveal-transition-duration=\"600\" data-reveal-between-delay=\"60\" data-hide-transition-duration=\"600\" data-hide-between-delay=\"30\" data-num=\"\" data-order=\"DESC\" data-orderby=\"date\" data-taxonomy=\"\" data-n=\"c752b466fb\"><div class=\"aux-items-loading aux-loading-hide\"><div class=\"aux-loading-loop\"><svg class=\"aux-circle\" width=\"100%\" height=\"100%\" viewBox=\"0 0 42 42\"><circle class=\"aux-stroke-bg\" r=\"20\" cx=\"21\" cy=\"21\" fill=\"none\"><\/circle><circle class=\"aux-progress\" r=\"20\" cx=\"21\" cy=\"21\" fill=\"none\" transform=\"rotate(-90 21 21)\"><\/circle><\/svg><\/div><\/div><div class=\"aux-iso-item aux-loading aux-col\">                        <article class=\"post-57 portfolio type-portfolio status-publish has-post-thumbnail hentry portfolio-cat-sistemas-de-riego portfolio-tag-arrancadores-electronicos portfolio-tag-automatizacion portfolio-tag-control-de-bombeo portfolio-tag-sistema-de-riego portfolio-filter-arrancadores-electronicos portfolio-filter-automatizacion portfolio-filter-control-de-bombeo portfolio-filter-sistema-de-riego\" >\n                            <div class=\"\">\n                                <div class=\"entry-media \">\n                                    <div class=\"aux-media-frame aux-media-image\"><a href=\"https:\/\/neumacontrol.com.ec\/?portfolio=sistema-riego-estadio-barcelona\"><img width=\"606\" height=\"726\" class=\"aux-attachment aux-featured-image attachment-606.66666666667x726.48333333333 aux-attachment-id-294 \" alt=\"BARCELONA\" data-ratio=\"0.84\" data-original-w=\"1100\" sizes=\"auto\" data-srcset=\"https:\/\/neumacontrol.com.ec\/wp-content\/uploads\/2023\/04\/BARCELONA-1-150x180.png 150w,https:\/\/neumacontrol.com.ec\/wp-content\/uploads\/2023\/04\/BARCELONA-1-300x359.png 300w,https:\/\/neumacontrol.com.ec\/wp-content\/uploads\/2023\/04\/BARCELONA-1-768x920.png 768w,https:\/\/neumacontrol.com.ec\/wp-content\/uploads\/2023\/04\/BARCELONA-1-1024x1226.png 1024w,https:\/\/neumacontrol.com.ec\/wp-content\/uploads\/2023\/04\/BARCELONA-1-607x726.png 607w,https:\/\/neumacontrol.com.ec\/wp-content\/uploads\/2023\/04\/BARCELONA-1-1090x1305.png 1090w\" data-src=\"https:\/\/neumacontrol.com.ec\/wp-content\/uploads\/2023\/04\/BARCELONA-1-607x726.png\" \/><\/a><\/div>                                <\/div>\n\n                                                            <\/div>\n\n                                                        <div class=\"entry-main\">\n\n                                                                <header class=\"entry-header\">\n                                    <h3 class=\"entry-title\">\n                                        <a href=\"https:\/\/neumacontrol.com.ec\/?portfolio=sistema-riego-estadio-barcelona\">\n                                            Sistema de riego en Estadio Barcelona                                        <\/a>\n                                    <\/h3>\n                                <\/header>\n                                                                \t\t<div class=\"wpulike wpulike-heart aux-wpulike aux-wpulike-portfolio-widget\" ><div class=\"wp_ulike_general_class wp_ulike_is_not_liked\"><button type=\"button\"\n\t\t\t\t\taria-label=\"Like Button\"\n\t\t\t\t\tdata-ulike-id=\"57\"\n\t\t\t\t\tdata-ulike-nonce=\"e8154e0815\"\n\t\t\t\t\tdata-ulike-type=\"post\"\n\t\t\t\t\tdata-ulike-template=\"wpulike-heart\"\n\t\t\t\t\tdata-ulike-display-likers=\"0\"\n\t\t\t\t\tdata-ulike-likers-style=\"popover\"\n\t\t\t\t\tclass=\"wp_ulike_btn wp_ulike_put_image wp_post_btn_57\"><\/button><span class=\"count-box wp_ulike_counter_up\" data-ulike-counter-value=\"0\"><\/span>\t\t\t<\/div><\/div>\n\t                                                                <div class=\"entry-info\">\n                                    <span class=\"entry-tax\">\n                                                                                <a href=\"https:\/\/neumacontrol.com.ec\/?portfolio-cat=sistemas-de-riego\" title=\"View all posts in Sistemas de Riego\" rel=\"category\" >Sistemas de Riego<\/a>                                    <\/span>\n                                <\/div>\n                                                                                            <\/div>\n                            \n                        <\/article>\n<\/div><div class=\"aux-iso-item aux-loading aux-col\">                        <article class=\"post-58 portfolio type-portfolio status-publish has-post-thumbnail hentry portfolio-cat-automatizacion portfolio-tag-automatizacion-2 portfolio-tag-control-de-temperatura portfolio-filter-aceite portfolio-filter-automatizacion portfolio-filter-control-de-temperatura portfolio-filter-transductores-corriente-presion-2 portfolio-filter-valvula-de-viento-inclinado\" >\n                            <div class=\"\">\n                                <div class=\"entry-media \">\n                                    <div class=\"aux-media-frame aux-media-image\"><a href=\"https:\/\/neumacontrol.com.ec\/?portfolio=control-de-temperatura-automatizacion\"><img width=\"606\" height=\"726\" class=\"aux-attachment aux-featured-image attachment-606.66666666667x726.48333333333 aux-attachment-id-241 \" alt=\"3\" data-ratio=\"0.84\" data-original-w=\"1100\" sizes=\"auto\" data-srcset=\"https:\/\/neumacontrol.com.ec\/wp-content\/uploads\/2020\/10\/3-150x180.png 150w,https:\/\/neumacontrol.com.ec\/wp-content\/uploads\/2020\/10\/3-300x359.png 300w,https:\/\/neumacontrol.com.ec\/wp-content\/uploads\/2020\/10\/3-768x920.png 768w,https:\/\/neumacontrol.com.ec\/wp-content\/uploads\/2020\/10\/3-1024x1226.png 1024w,https:\/\/neumacontrol.com.ec\/wp-content\/uploads\/2020\/10\/3-607x726.png 607w,https:\/\/neumacontrol.com.ec\/wp-content\/uploads\/2020\/10\/3-1090x1305.png 1090w\" data-src=\"https:\/\/neumacontrol.com.ec\/wp-content\/uploads\/2020\/10\/3-607x726.png\" \/><\/a><\/div>                                <\/div>\n\n                                                            <\/div>\n\n                                                        <div class=\"entry-main\">\n\n                                                                <header class=\"entry-header\">\n                                    <h3 class=\"entry-title\">\n                                        <a href=\"https:\/\/neumacontrol.com.ec\/?portfolio=control-de-temperatura-automatizacion\">\n                                            Automatizaci\u00f3n de Control de Temperatura en Agripac                                        <\/a>\n                                    <\/h3>\n                                <\/header>\n                                                                \t\t<div class=\"wpulike wpulike-heart aux-wpulike aux-wpulike-portfolio-widget\" ><div class=\"wp_ulike_general_class wp_ulike_is_not_liked\"><button type=\"button\"\n\t\t\t\t\taria-label=\"Like Button\"\n\t\t\t\t\tdata-ulike-id=\"58\"\n\t\t\t\t\tdata-ulike-nonce=\"db69f5ce6a\"\n\t\t\t\t\tdata-ulike-type=\"post\"\n\t\t\t\t\tdata-ulike-template=\"wpulike-heart\"\n\t\t\t\t\tdata-ulike-display-likers=\"0\"\n\t\t\t\t\tdata-ulike-likers-style=\"popover\"\n\t\t\t\t\tclass=\"wp_ulike_btn wp_ulike_put_image wp_post_btn_58\"><\/button><span class=\"count-box wp_ulike_counter_up\" data-ulike-counter-value=\"0\"><\/span>\t\t\t<\/div><\/div>\n\t                                                                <div class=\"entry-info\">\n                                    <span class=\"entry-tax\">\n                                                                                <a href=\"https:\/\/neumacontrol.com.ec\/?portfolio-cat=automatizacion\" title=\"View all posts in Automatizaci\u00f3n\" rel=\"category\" >Automatizaci\u00f3n<\/a>                                    <\/span>\n                                <\/div>\n                                                                                            <\/div>\n                            \n                        <\/article>\n<\/div><div class=\"aux-iso-item aux-loading aux-col\">                        <article class=\"post-59 portfolio type-portfolio status-publish has-post-thumbnail hentry portfolio-cat-automatizacion portfolio-tag-automatizacion-2 portfolio-tag-control-de-temperatura portfolio-tag-sensores-de-temperatura portfolio-filter-automatizacion portfolio-filter-control-de-temperatura portfolio-filter-pasteurizacion portfolio-filter-sensores-de-temperatura portfolio-filter-transductores-corriente-presion-2\" >\n                            <div class=\"\">\n                                <div class=\"entry-media \">\n                                    <div class=\"aux-media-frame aux-media-image\"><a href=\"https:\/\/neumacontrol.com.ec\/?portfolio=control-de-temperatura-pasteurizadora\"><img width=\"606\" height=\"726\" class=\"aux-attachment aux-featured-image attachment-606.66666666667x726.48333333333 aux-attachment-id-240 \" alt=\"FOODTRADE\" data-ratio=\"0.84\" data-original-w=\"1100\" sizes=\"auto\" data-srcset=\"https:\/\/neumacontrol.com.ec\/wp-content\/uploads\/2020\/10\/FOODTRADE-150x180.png 150w,https:\/\/neumacontrol.com.ec\/wp-content\/uploads\/2020\/10\/FOODTRADE-300x359.png 300w,https:\/\/neumacontrol.com.ec\/wp-content\/uploads\/2020\/10\/FOODTRADE-768x920.png 768w,https:\/\/neumacontrol.com.ec\/wp-content\/uploads\/2020\/10\/FOODTRADE-1024x1226.png 1024w,https:\/\/neumacontrol.com.ec\/wp-content\/uploads\/2020\/10\/FOODTRADE-607x726.png 607w,https:\/\/neumacontrol.com.ec\/wp-content\/uploads\/2020\/10\/FOODTRADE-1090x1305.png 1090w\" data-src=\"https:\/\/neumacontrol.com.ec\/wp-content\/uploads\/2020\/10\/FOODTRADE-607x726.png\" \/><\/a><\/div>                                <\/div>\n\n                                                            <\/div>\n\n                                                        <div class=\"entry-main\">\n\n                                                                <header class=\"entry-header\">\n                                    <h3 class=\"entry-title\">\n                                        <a href=\"https:\/\/neumacontrol.com.ec\/?portfolio=control-de-temperatura-pasteurizadora\">\n                                            Control de Temperatura para pasteurizadora                                        <\/a>\n                                    <\/h3>\n                                <\/header>\n                                                                \t\t<div class=\"wpulike wpulike-heart aux-wpulike aux-wpulike-portfolio-widget\" ><div class=\"wp_ulike_general_class wp_ulike_is_not_liked\"><button type=\"button\"\n\t\t\t\t\taria-label=\"Like Button\"\n\t\t\t\t\tdata-ulike-id=\"59\"\n\t\t\t\t\tdata-ulike-nonce=\"513f574eb3\"\n\t\t\t\t\tdata-ulike-type=\"post\"\n\t\t\t\t\tdata-ulike-template=\"wpulike-heart\"\n\t\t\t\t\tdata-ulike-display-likers=\"0\"\n\t\t\t\t\tdata-ulike-likers-style=\"popover\"\n\t\t\t\t\tclass=\"wp_ulike_btn wp_ulike_put_image wp_post_btn_59\"><\/button><span class=\"count-box wp_ulike_counter_up\" data-ulike-counter-value=\"0\"><\/span>\t\t\t<\/div><\/div>\n\t                                                                <div class=\"entry-info\">\n                                    <span class=\"entry-tax\">\n                                                                                <a href=\"https:\/\/neumacontrol.com.ec\/?portfolio-cat=automatizacion\" title=\"View all posts in Automatizaci\u00f3n\" rel=\"category\" >Automatizaci\u00f3n<\/a>                                    <\/span>\n                                <\/div>\n                                                                                            <\/div>\n                            \n                        <\/article>\n<\/div><\/div><script type=\"text\/javascript\">var au367d1c06AjaxConfig = {\"title\":\"\",\"cat\":[\"11\",\"13\"],\"num\":\"\",\"only_posts__in\":\"\",\"include\":\"\",\"exclude\":\"\",\"posts_per_page\":-1,\"offset\":\"\",\"order_by\":\"date\",\"order\":\"DESC\",\"exclude_without_media\":\"yes\",\"display_like\":\"no\",\"deeplink\":\"no\",\"use_ajax\":\"no\",\"deeplink_slug\":null,\"show_filters\":\"\",\"filter_by\":null,\"filter_style\":null,\"filter_align\":null,\"reveal_transition_duration\":\"600\",\"reveal_between_delay\":\"60\",\"hide_transition_duration\":\"600\",\"hide_between_delay\":\"30\",\"item_style\":\"classic\",\"tile_style_pattern\":\"default\",\"tiles_item_style\":\"overlay\",\"entry_background_color\":\"\",\"entry_border_color\":\"\",\"paginate\":\"yes\",\"perpage\":\"9\",\"crop\":true,\"display_title\":\"yes\",\"show_info\":\"yes\",\"display_read_more\":false,\"image_aspect_ratio\":\"1.1975\",\"space\":\"30\",\"desktop_cnum\":\"3\",\"tablet_cnum\":\"2\",\"phone_cnum\":\"1\",\"layout\":\"grid\",\"tag\":\"\",\"filter\":\"\",\"extra_classes\":\"\",\"extra_column_classes\":\"\",\"custom_el_id\":\"\",\"template_part_file\":\"recent-portfolio\",\"extra_template_path\":\"\\\/home\\\/adneumacont\\\/public_html\\\/wp-content\\\/plugins\\\/auxin-portfolio\\\/public\\\/templates\\\/elements\",\"universal_id\":\"au367d1c06\",\"query_args\":[],\"term\":\"\",\"reset_query\":true,\"use_wp_query\":false,\"wp_query_args\":[],\"custom_wp_query\":\"\",\"loadmore_type\":null,\"loadmore_label\":null,\"loadmore_per_page\":12,\"term_field\":\"slug\",\"base\":\"aux_recent_portfolios_grid\",\"base_class\":\"aux-widget-recent-portfolios\",\"paged\":\"\",\"override_global_query\":false,\"content\":null,\"skip_wrappers\":false,\"content_width\":2000,\"inview_transition\":\"none\",\"inview_duration\":\"\",\"inview_delay\":\"\",\"inview_repeat\":\"no\",\"inview_offset\":\"\",\"called_from\":\"elementor\"};<\/script><\/section><!-- widget-container -->\t\t<\/div>\n\t\t\t\t<\/div>\n\t\t\t\t\t\t<\/div>\n\t\t\t\t\t<\/div>\n\t\t<\/div>\n\t\t\t\t\t\t\t\t<\/div>\n\t\t\t\t\t<\/div>\n\t\t<\/section>\n\t\t\t\t\t\t\t\t\t<\/div>\n\t\t\t<\/div>\n\t\t\t\t\t<\/div>\n\t\t","protected":false},"excerpt":{"rendered":"<p>Proyectos Ofrecemos solucionesexitosasa nivel Industrial En nuestros proyectos industriales, nos enfocamos en brindar soluciones personalizadas y de alta calidad, trabajando en estrecha colaboraci\u00f3n con nuestros clientes para comprender sus necesidades espec\u00edficas. Nuestro equipo de profesionales altamente capacitados trabaja con la \u00faltima tecnolog\u00eda y herramientas para garantizar la excelencia en cada proyecto. Sistema de riego en [&hellip;]<\/p>\n","protected":false},"author":1,"featured_media":0,"parent":0,"menu_order":0,"comment_status":"closed","ping_status":"closed","template":"templates\/page-builder-content.php","meta":{"footnotes":""},"class_list":["post-73","page","type-page","status-publish","hentry"],"yoast_head":"<!-- This site is optimized with the Yoast SEO plugin v20.4 - https:\/\/yoast.com\/wordpress\/plugins\/seo\/ -->\n<title>Proyectos - Neumacontrol<\/title>\n<meta name=\"robots\" content=\"index, follow, max-snippet:-1, max-image-preview:large, max-video-preview:-1\" \/>\n<link rel=\"canonical\" href=\"https:\/\/neumacontrol.com.ec\/?page_id=73\" \/>\n<meta property=\"og:locale\" content=\"es_ES\" \/>\n<meta property=\"og:type\" content=\"article\" \/>\n<meta property=\"og:title\" content=\"Proyectos - Neumacontrol\" \/>\n<meta property=\"og:description\" content=\"Proyectos Ofrecemos solucionesexitosasa nivel Industrial En nuestros proyectos industriales, nos enfocamos en brindar soluciones personalizadas y de alta calidad, trabajando en estrecha colaboraci\u00f3n con nuestros clientes para comprender sus necesidades espec\u00edficas. Nuestro equipo de profesionales altamente capacitados trabaja con la \u00faltima tecnolog\u00eda y herramientas para garantizar la excelencia en cada proyecto. Sistema de riego en [&hellip;]\" \/>\n<meta property=\"og:url\" content=\"https:\/\/neumacontrol.com.ec\/?page_id=73\" \/>\n<meta property=\"og:site_name\" content=\"Neumacontrol\" \/>\n<meta property=\"article:modified_time\" content=\"2023-04-12T19:52:49+00:00\" \/>\n<meta property=\"og:image\" content=\"https:\/\/neumacontrol.com.ec\/wp-content\/uploads\/2023\/04\/BARCELONA-1-607x726.png\" \/>\n<meta name=\"twitter:card\" content=\"summary_large_image\" \/>\n<meta name=\"twitter:label1\" content=\"Tiempo de lectura\" \/>\n\t<meta name=\"twitter:data1\" content=\"1 minuto\" \/>\n<script type=\"application\/ld+json\" class=\"yoast-schema-graph\">{\"@context\":\"https:\/\/schema.org\",\"@graph\":[{\"@type\":\"WebPage\",\"@id\":\"https:\/\/neumacontrol.com.ec\/?page_id=73\",\"url\":\"https:\/\/neumacontrol.com.ec\/?page_id=73\",\"name\":\"Proyectos - Neumacontrol\",\"isPartOf\":{\"@id\":\"https:\/\/neumacontrol.com.ec\/#website\"},\"datePublished\":\"2020-10-05T12:37:28+00:00\",\"dateModified\":\"2023-04-12T19:52:49+00:00\",\"breadcrumb\":{\"@id\":\"https:\/\/neumacontrol.com.ec\/?page_id=73#breadcrumb\"},\"inLanguage\":\"es\",\"potentialAction\":[{\"@type\":\"ReadAction\",\"target\":[\"https:\/\/neumacontrol.com.ec\/?page_id=73\"]}]},{\"@type\":\"BreadcrumbList\",\"@id\":\"https:\/\/neumacontrol.com.ec\/?page_id=73#breadcrumb\",\"itemListElement\":[{\"@type\":\"ListItem\",\"position\":1,\"name\":\"Portada\",\"item\":\"https:\/\/neumacontrol.com.ec\/\"},{\"@type\":\"ListItem\",\"position\":2,\"name\":\"Proyectos\"}]},{\"@type\":\"WebSite\",\"@id\":\"https:\/\/neumacontrol.com.ec\/#website\",\"url\":\"https:\/\/neumacontrol.com.ec\/\",\"name\":\"Neumacontrol\",\"description\":\"\",\"publisher\":{\"@id\":\"https:\/\/neumacontrol.com.ec\/#organization\"},\"potentialAction\":[{\"@type\":\"SearchAction\",\"target\":{\"@type\":\"EntryPoint\",\"urlTemplate\":\"https:\/\/neumacontrol.com.ec\/?s={search_term_string}\"},\"query-input\":\"required name=search_term_string\"}],\"inLanguage\":\"es\"},{\"@type\":\"Organization\",\"@id\":\"https:\/\/neumacontrol.com.ec\/#organization\",\"name\":\"Neumacontrol\",\"url\":\"https:\/\/neumacontrol.com.ec\/\",\"logo\":{\"@type\":\"ImageObject\",\"inLanguage\":\"es\",\"@id\":\"https:\/\/neumacontrol.com.ec\/#\/schema\/logo\/image\/\",\"url\":\"https:\/\/neumacontrol.com.ec\/wp-content\/uploads\/2023\/03\/logo02.png\",\"contentUrl\":\"https:\/\/neumacontrol.com.ec\/wp-content\/uploads\/2023\/03\/logo02.png\",\"width\":2500,\"height\":839,\"caption\":\"Neumacontrol\"},\"image\":{\"@id\":\"https:\/\/neumacontrol.com.ec\/#\/schema\/logo\/image\/\"}}]}<\/script>\n<!-- \/ Yoast SEO plugin. -->","yoast_head_json":{"title":"Proyectos - Neumacontrol","robots":{"index":"index","follow":"follow","max-snippet":"max-snippet:-1","max-image-preview":"max-image-preview:large","max-video-preview":"max-video-preview:-1"},"canonical":"https:\/\/neumacontrol.com.ec\/?page_id=73","og_locale":"es_ES","og_type":"article","og_title":"Proyectos - Neumacontrol","og_description":"Proyectos Ofrecemos solucionesexitosasa nivel Industrial En nuestros proyectos industriales, nos enfocamos en brindar soluciones personalizadas y de alta calidad, trabajando en estrecha colaboraci\u00f3n con nuestros clientes para comprender sus necesidades espec\u00edficas. Nuestro equipo de profesionales altamente capacitados trabaja con la \u00faltima tecnolog\u00eda y herramientas para garantizar la excelencia en cada proyecto. Sistema de riego en [&hellip;]","og_url":"https:\/\/neumacontrol.com.ec\/?page_id=73","og_site_name":"Neumacontrol","article_modified_time":"2023-04-12T19:52:49+00:00","og_image":[{"url":"https:\/\/neumacontrol.com.ec\/wp-content\/uploads\/2023\/04\/BARCELONA-1-607x726.png"}],"twitter_card":"summary_large_image","twitter_misc":{"Tiempo de lectura":"1 minuto"},"schema":{"@context":"https:\/\/schema.org","@graph":[{"@type":"WebPage","@id":"https:\/\/neumacontrol.com.ec\/?page_id=73","url":"https:\/\/neumacontrol.com.ec\/?page_id=73","name":"Proyectos - Neumacontrol","isPartOf":{"@id":"https:\/\/neumacontrol.com.ec\/#website"},"datePublished":"2020-10-05T12:37:28+00:00","dateModified":"2023-04-12T19:52:49+00:00","breadcrumb":{"@id":"https:\/\/neumacontrol.com.ec\/?page_id=73#breadcrumb"},"inLanguage":"es","potentialAction":[{"@type":"ReadAction","target":["https:\/\/neumacontrol.com.ec\/?page_id=73"]}]},{"@type":"BreadcrumbList","@id":"https:\/\/neumacontrol.com.ec\/?page_id=73#breadcrumb","itemListElement":[{"@type":"ListItem","position":1,"name":"Portada","item":"https:\/\/neumacontrol.com.ec\/"},{"@type":"ListItem","position":2,"name":"Proyectos"}]},{"@type":"WebSite","@id":"https:\/\/neumacontrol.com.ec\/#website","url":"https:\/\/neumacontrol.com.ec\/","name":"Neumacontrol","description":"","publisher":{"@id":"https:\/\/neumacontrol.com.ec\/#organization"},"potentialAction":[{"@type":"SearchAction","target":{"@type":"EntryPoint","urlTemplate":"https:\/\/neumacontrol.com.ec\/?s={search_term_string}"},"query-input":"required name=search_term_string"}],"inLanguage":"es"},{"@type":"Organization","@id":"https:\/\/neumacontrol.com.ec\/#organization","name":"Neumacontrol","url":"https:\/\/neumacontrol.com.ec\/","logo":{"@type":"ImageObject","inLanguage":"es","@id":"https:\/\/neumacontrol.com.ec\/#\/schema\/logo\/image\/","url":"https:\/\/neumacontrol.com.ec\/wp-content\/uploads\/2023\/03\/logo02.png","contentUrl":"https:\/\/neumacontrol.com.ec\/wp-content\/uploads\/2023\/03\/logo02.png","width":2500,"height":839,"caption":"Neumacontrol"},"image":{"@id":"https:\/\/neumacontrol.com.ec\/#\/schema\/logo\/image\/"}}]}},"_links":{"self":[{"href":"https:\/\/neumacontrol.com.ec\/index.php?rest_route=\/wp\/v2\/pages\/73","targetHints":{"allow":["GET"]}}],"collection":[{"href":"https:\/\/neumacontrol.com.ec\/index.php?rest_route=\/wp\/v2\/pages"}],"about":[{"href":"https:\/\/neumacontrol.com.ec\/index.php?rest_route=\/wp\/v2\/types\/page"}],"author":[{"embeddable":true,"href":"https:\/\/neumacontrol.com.ec\/index.php?rest_route=\/wp\/v2\/users\/1"}],"replies":[{"embeddable":true,"href":"https:\/\/neumacontrol.com.ec\/index.php?rest_route=%2Fwp%2Fv2%2Fcomments&post=73"}],"version-history":[{"count":7,"href":"https:\/\/neumacontrol.com.ec\/index.php?rest_route=\/wp\/v2\/pages\/73\/revisions"}],"predecessor-version":[{"id":299,"href":"https:\/\/neumacontrol.com.ec\/index.php?rest_route=\/wp\/v2\/pages\/73\/revisions\/299"}],"wp:attachment":[{"href":"https:\/\/neumacontrol.com.ec\/index.php?rest_route=%2Fwp%2Fv2%2Fmedia&parent=73"}],"curies":[{"name":"wp","href":"https:\/\/api.w.org\/{rel}","templated":true}]}}