{"id":74,"date":"2020-10-05T12:36:53","date_gmt":"2020-10-05T12:36:53","guid":{"rendered":"https:\/\/neumacontrol.com.ec\/?page_id=74"},"modified":"2023-04-02T00:51:39","modified_gmt":"2023-04-02T00:51:39","slug":"nosotros","status":"publish","type":"page","link":"https:\/\/neumacontrol.com.ec\/?page_id=74","title":{"rendered":"Nosotros"},"content":{"rendered":"\t\t<div data-elementor-type=\"wp-page\" data-elementor-id=\"74\" class=\"elementor elementor-74\">\n\t\t\t\t\t\t<div class=\"elementor-inner\">\n\t\t\t\t<div class=\"elementor-section-wrap\">\n\t\t\t\t\t\t\t\t\t<section class=\"elementor-section elementor-top-section elementor-element elementor-element-9798e3e elementor-section-full_width elementor-section-height-default elementor-section-height-default\" data-id=\"9798e3e\" data-element_type=\"section\">\n\t\t\t\t\t\t<div class=\"elementor-container elementor-column-gap-no\">\n\t\t\t\t\t\t\t<div class=\"elementor-row\">\n\t\t\t\t\t<div class=\"aux-parallax-section elementor-column elementor-col-100 elementor-top-column elementor-element elementor-element-f27033c\" data-id=\"f27033c\" data-element_type=\"column\">\n\t\t\t<div class=\"elementor-column-wrap elementor-element-populated\">\n\t\t\t\t\t\t\t<div class=\"elementor-widget-wrap\">\n\t\t\t\t\t\t<div class=\"elementor-element elementor-element-8eb50ff aux-shpe-type-rectangle elementor-widget__width-auto aux-appear-watch-animation aux-fade-in-right-2 elementor-widget elementor-widget-aux_simple_shape\" data-id=\"8eb50ff\" data-element_type=\"widget\" data-widget_type=\"aux_simple_shape.default\">\n\t\t\t\t<div class=\"elementor-widget-container\">\n\t\t\t    <div class=\"aux-widget-container aux-simple-shape-container\">\n        <div class=\"aux-widget-container-inner\">\n            <div class=\"aux-the-shape\"><\/div>\n        <\/div>\n    <\/div>\n    \t\t<\/div>\n\t\t\t\t<\/div>\n\t\t\t\t<div class=\"elementor-element elementor-element-c0d2660 aux-shpe-type-rectangle elementor-widget__width-auto aux-appear-watch-animation aux-fade-in-left-2 elementor-widget elementor-widget-aux_simple_shape\" data-id=\"c0d2660\" data-element_type=\"widget\" data-widget_type=\"aux_simple_shape.default\">\n\t\t\t\t<div class=\"elementor-widget-container\">\n\t\t\t    <div class=\"aux-widget-container aux-simple-shape-container\">\n        <div class=\"aux-widget-container-inner\">\n            <div class=\"aux-the-shape\"><\/div>\n        <\/div>\n    <\/div>\n    \t\t<\/div>\n\t\t\t\t<\/div>\n\t\t\t\t<section class=\"elementor-section elementor-inner-section elementor-element elementor-element-eb6db59 elementor-section-content-middle elementor-reverse-mobile elementor-section-boxed elementor-section-height-default elementor-section-height-default\" data-id=\"eb6db59\" data-element_type=\"section\">\n\t\t\t\t\t\t<div class=\"elementor-container elementor-column-gap-no\">\n\t\t\t\t\t\t\t<div class=\"elementor-row\">\n\t\t\t\t\t<div class=\"aux-parallax-section elementor-column elementor-col-50 elementor-inner-column elementor-element elementor-element-f8ae2e8\" data-id=\"f8ae2e8\" data-element_type=\"column\">\n\t\t\t<div class=\"elementor-column-wrap elementor-element-populated\">\n\t\t\t\t\t\t\t<div class=\"elementor-widget-wrap\">\n\t\t\t\t\t\t<div class=\"elementor-element elementor-element-6c1aa11 aux-appear-watch-animation aux-fade-in-up-1 elementor-widget elementor-widget-aux_modern_heading\" data-id=\"6c1aa11\" data-element_type=\"widget\" data-widget_type=\"aux_modern_heading.default\">\n\t\t\t\t<div class=\"elementor-widget-container\">\n\t\t\t<section class=\"aux-widget-modern-heading\">\n            <div class=\"aux-widget-inner\"><h5 class=\"aux-modern-heading-primary\">Nosotros<\/h5><h3 class=\"aux-modern-heading-secondary\"><span class=\"aux-head-before\">Somos  <\/span><span class=\"aux-head-highlight\">Neumacontrol<\/span><\/h3><div class=\"aux-modern-heading-divider\"><\/div><div class=\"aux-modern-heading-description\"><p>Una empresa l\u00edder en soluciones para control y automatizaci\u00f3n industrial con m\u00e1s de 10 a\u00f1os de trayectoria. Desde nuestros comienzos, nos hemos enfocado en ofrecer productos y servicios de alta calidad, dise\u00f1ados para ayudar a nuestros clientes a optimizar sus procesos productivos y mejorar su rentabilidad.<\/p><p>Durante estos a\u00f1os, hemos trabajado con una amplia gama de clientes en diversas industrias, desde alimentos y bebidas hasta petroqu\u00edmicas y energ\u00eda. Nuestro equipo de profesionales altamente capacitados y experimentados ha estado a la vanguardia de la innovaci\u00f3n tecnol\u00f3gica, ofreciendo soluciones personalizadas y eficientes para las necesidades espec\u00edficas de cada cliente.<\/p><\/div><\/div>\n        <\/section>\t\t<\/div>\n\t\t\t\t<\/div>\n\t\t\t\t<div class=\"elementor-element elementor-element-b571287 aux-appear-watch-animation aux-fade-in-up elementor-widget elementor-widget-aux_modern_button\" data-id=\"b571287\" data-element_type=\"widget\" data-widget_type=\"aux_modern_button.default\">\n\t\t\t\t<div class=\"elementor-widget-container\">\n\t\t\t    <div class=\"aux-modern-button-wrapper aux-modern-button-align-left\" >\n                    <a class=\"aux-modern-button aux-black aux-modern-button-md aux-modern-button-normal aux-modern-button-default aux-icon-\" href=\"http:\/\/wa.me\/593996077887\">\n                <div class=\"aux-overlay\"><\/div>\n                                    <div class=\"aux-icon \">\n                                            <\/div>\n                                <div class=\"aux-text\">\n<span class=\"aux-text-before\">\u00bfEN QU\u00c9 PODEMOS AYUDARTE?<\/span>                <\/div>\n            <\/a>\n            \n    <\/div>\n\n    \t\t<\/div>\n\t\t\t\t<\/div>\n\t\t\t\t\t\t<\/div>\n\t\t\t\t\t<\/div>\n\t\t<\/div>\n\t\t\t\t<div class=\"aux-parallax-section elementor-column elementor-col-50 elementor-inner-column elementor-element elementor-element-5333168\" data-id=\"5333168\" data-element_type=\"column\">\n\t\t\t<div class=\"elementor-column-wrap elementor-element-populated\">\n\t\t\t\t\t\t\t<div class=\"elementor-widget-wrap\">\n\t\t\t\t\t\t<div class=\"elementor-element elementor-element-dcc95f4 aux-appear-watch-animation aux-mask-from-left elementor-widget elementor-widget-aux_image\" data-id=\"dcc95f4\" data-element_type=\"widget\" data-widget_type=\"aux_image.default\">\n\t\t\t\t<div class=\"elementor-widget-container\">\n\t\t\t<section class=\"widget-container aux-widget-image aux-alignnone aux-parent-au7cfe66d4\">\n    <div class=\"aux-media-hint-frame \">\n        <div class=\"aux-media-image \" >\n        \n            \n\n            \n            <img loading=\"lazy\" decoding=\"async\" width=\"814\" height=\"699\" src=\"https:\/\/neumacontrol.com.ec\/wp-content\/uploads\/2023\/04\/NOSOTROOS.png\" class=\"aux-attachment aux-featured-image aux-attachment-id-272\" alt=\"NOSOTROOS\" data-ratio=\"1.16\" data-original-w=\"814\" \/>            \n                <\/div>\n    <\/div>\n\n<\/section><!-- widget-container -->\t\t<\/div>\n\t\t\t\t<\/div>\n\t\t\t\t\t\t<\/div>\n\t\t\t\t\t<\/div>\n\t\t<\/div>\n\t\t\t\t\t\t\t\t<\/div>\n\t\t\t\t\t<\/div>\n\t\t<\/section>\n\t\t\t\t\t\t<\/div>\n\t\t\t\t\t<\/div>\n\t\t<\/div>\n\t\t\t\t\t\t\t\t<\/div>\n\t\t\t\t\t<\/div>\n\t\t<\/section>\n\t\t\t\t<section class=\"elementor-section elementor-top-section elementor-element elementor-element-4b2dfd1 elementor-section-full_width elementor-section-height-default elementor-section-height-default\" data-id=\"4b2dfd1\" data-element_type=\"section\">\n\t\t\t\t\t\t<div class=\"elementor-container elementor-column-gap-no\">\n\t\t\t\t\t\t\t<div class=\"elementor-row\">\n\t\t\t\t\t<div class=\"aux-parallax-section elementor-column elementor-col-100 elementor-top-column elementor-element elementor-element-b9833b2\" data-id=\"b9833b2\" data-element_type=\"column\">\n\t\t\t<div class=\"elementor-column-wrap elementor-element-populated\">\n\t\t\t\t\t\t\t<div class=\"elementor-widget-wrap\">\n\t\t\t\t\t\t<div class=\"elementor-element elementor-element-8e899f1 elementor-widget__width-auto elementor-widget elementor-widget-aux_modern_heading\" data-id=\"8e899f1\" data-element_type=\"widget\" data-widget_type=\"aux_modern_heading.default\">\n\t\t\t\t<div class=\"elementor-widget-container\">\n\t\t\t<section class=\"aux-widget-modern-heading\">\n            <div class=\"aux-widget-inner\"><a href=\"https:\/\/neumacontrol.com.ec\/?page_id=71\" class=\"aux-modern-heading-primary-link\" target=\"_blank\"><h2 class=\"aux-modern-heading-primary\">GARANTIA<\/h2><\/a><\/div>\n        <\/section>\t\t<\/div>\n\t\t\t\t<\/div>\n\t\t\t\t<section class=\"elementor-section elementor-inner-section elementor-element elementor-element-10f5220 elementor-section-content-middle elementor-section-boxed elementor-section-height-default elementor-section-height-default\" data-id=\"10f5220\" data-element_type=\"section\">\n\t\t\t\t\t\t<div class=\"elementor-container elementor-column-gap-no\">\n\t\t\t\t\t\t\t<div class=\"elementor-row\">\n\t\t\t\t\t<div class=\"aux-parallax-section elementor-column elementor-col-50 elementor-inner-column elementor-element elementor-element-0ff70ae\" data-id=\"0ff70ae\" data-element_type=\"column\">\n\t\t\t<div class=\"elementor-column-wrap elementor-element-populated\">\n\t\t\t\t\t\t\t<div class=\"elementor-widget-wrap\">\n\t\t\t\t\t\t<div class=\"elementor-element elementor-element-973e99d elementor-widget__width-auto aux-appear-watch-animation aux-mask-from-left elementor-widget elementor-widget-aux_image\" data-id=\"973e99d\" data-element_type=\"widget\" data-widget_type=\"aux_image.default\">\n\t\t\t\t<div class=\"elementor-widget-container\">\n\t\t\t<section class=\"widget-container aux-widget-image aux-alignnone aux-parent-au5c6927d6\">\n    <div class=\"aux-media-hint-frame \">\n        <div class=\"aux-media-image \" >\n        \n            \n\n            \n            <img loading=\"lazy\" decoding=\"async\" width=\"671\" height=\"714\" src=\"https:\/\/neumacontrol.com.ec\/wp-content\/uploads\/2023\/04\/CA.png\" class=\"aux-attachment aux-featured-image aux-attachment-id-273\" alt=\"CA\" data-ratio=\"0.94\" data-original-w=\"671\" \/>            \n                <\/div>\n    <\/div>\n\n<\/section><!-- widget-container -->\t\t<\/div>\n\t\t\t\t<\/div>\n\t\t\t\t<div class=\"aux-scroll-anim elementor-element elementor-element-030a956 elementor-widget__width-auto aux-appear-watch-animation aux-fade-in-right-1 elementor-widget elementor-widget-aux_text\" data-move-in=\"moveHorizontal\" data-move-out=\"moveHorizontal\" data-axis-x=\"40\" data-axis-y=\"200\" data-rotate=\"90\" data-scale=\"1\" data-vp-top=\"0.5\" data-vp-bot=\"0.5\" data-el-top=\"0.2\" data-scroll-animation-off=\"1024\" data-id=\"030a956\" data-element_type=\"widget\" data-widget_type=\"aux_text.default\">\n\t\t\t\t<div class=\"elementor-widget-container\">\n\t\t\t<section class=\"widget-container aux-widget-text aux-parent-au0f998ee4\">        <div class=\"aux-widget-advanced-text aux-wrap-style-simple aux-ico-pos-top aux-text-left aux-text-resp- aux-text-color-dark aux-text-widget-bg-center  \" >\n        \n            \n            <div class=\"aux-text-inner aux-text-widget-content\">\n                                <h4 class=\"col-title\">Ponte en contacto<\/h4>\n                                <div class=\"widget-content\">\n                                        <p>\u00a1Estamos listos para ayudarte a alcanzar el \u00e9xito que te mereces!<\/p>                <\/div>\n                <a  href=\"wa.me\/593996077887\" target=\"_blank\"   class=\"aux-button aux-medium aux-black aux-none aux-outline\" ><span class=\"aux-overlay\"><\/span><span class=\"aux-text\">CONTACTANOS<\/span><\/a>            <\/div>\n        <\/div>\n                    <div class=\"aux-text-widget-footer\">\n                <div class=\"aux-border-shape-none \">\n                                <\/div>\n            <\/div>\n        \n<\/section><!-- widget-container -->\t\t<\/div>\n\t\t\t\t<\/div>\n\t\t\t\t\t\t<\/div>\n\t\t\t\t\t<\/div>\n\t\t<\/div>\n\t\t\t\t<div class=\"aux-parallax-section elementor-column elementor-col-50 elementor-inner-column elementor-element elementor-element-218cc75\" data-id=\"218cc75\" data-element_type=\"column\">\n\t\t\t<div class=\"elementor-column-wrap elementor-element-populated\">\n\t\t\t\t\t\t\t<div class=\"elementor-widget-wrap\">\n\t\t\t\t\t\t<div class=\"elementor-element elementor-element-d539da0 aux-appear-watch-animation aux-fade-in-up-1 elementor-widget elementor-widget-aux_modern_heading\" data-id=\"d539da0\" data-element_type=\"widget\" data-widget_type=\"aux_modern_heading.default\">\n\t\t\t\t<div class=\"elementor-widget-container\">\n\t\t\t<section class=\"aux-widget-modern-heading\">\n            <div class=\"aux-widget-inner\"><h2 class=\"aux-modern-heading-primary\">Trabajos efectivos y garantizados<\/h2><div class=\"aux-modern-heading-description\"><p>En Neumacontrol, creemos en la mejora continua y el compromiso con la calidad y la excelencia en todo lo que hacemos. Desde la planificaci\u00f3n y dise\u00f1o hasta la implementaci\u00f3n y mantenimiento, trabajamos en estrecha colaboraci\u00f3n con nuestros clientes para asegurar la satisfacci\u00f3n del cliente y la excelencia en el servicio.<\/p><p>Nuestra misi\u00f3n es ser un socio confiable para nuestros clientes, comprometernos con la calidad y el servicio al cliente que nos ha llevado a ser una empresa l\u00edder en el mercado nacional.<\/p><p>Si est\u00e1s buscando soluciones de control y automatizaci\u00f3n industrial de alta calidad con m\u00e1s de 10 a\u00f1os de trayectoria en el mercado, no busques m\u00e1s all\u00e1 de Neumacontrol. Cont\u00e1ctanos hoy mismo para saber c\u00f3mo podemos ayudarte a impulsar tu negocio al \u00e9xito.<\/p><\/div><\/div>\n        <\/section>\t\t<\/div>\n\t\t\t\t<\/div>\n\t\t\t\t\t\t<\/div>\n\t\t\t\t\t<\/div>\n\t\t<\/div>\n\t\t\t\t\t\t\t\t<\/div>\n\t\t\t\t\t<\/div>\n\t\t<\/section>\n\t\t\t\t\t\t<\/div>\n\t\t\t\t\t<\/div>\n\t\t<\/div>\n\t\t\t\t\t\t\t\t<\/div>\n\t\t\t\t\t<\/div>\n\t\t<\/section>\n\t\t\t\t\t\t\t\t\t<\/div>\n\t\t\t<\/div>\n\t\t\t\t\t<\/div>\n\t\t","protected":false},"excerpt":{"rendered":"<p>Nosotros Somos Neumacontrol Una empresa l\u00edder en soluciones para control y automatizaci\u00f3n industrial con m\u00e1s de 10 a\u00f1os de trayectoria. Desde nuestros comienzos, nos hemos enfocado en ofrecer productos y servicios de alta calidad, dise\u00f1ados para ayudar a nuestros clientes a optimizar sus procesos productivos y mejorar su rentabilidad. Durante estos a\u00f1os, hemos trabajado con [&hellip;]<\/p>\n","protected":false},"author":1,"featured_media":0,"parent":0,"menu_order":0,"comment_status":"closed","ping_status":"closed","template":"templates\/page-builder-content.php","meta":{"footnotes":""},"class_list":["post-74","page","type-page","status-publish","hentry"],"yoast_head":"<!-- This site is optimized with the Yoast SEO plugin v20.4 - https:\/\/yoast.com\/wordpress\/plugins\/seo\/ -->\n<title>Nosotros - Neumacontrol<\/title>\n<meta name=\"robots\" content=\"index, follow, max-snippet:-1, max-image-preview:large, max-video-preview:-1\" \/>\n<link rel=\"canonical\" href=\"https:\/\/neumacontrol.com.ec\/?page_id=74\" \/>\n<meta property=\"og:locale\" content=\"es_ES\" \/>\n<meta property=\"og:type\" content=\"article\" \/>\n<meta property=\"og:title\" content=\"Nosotros - Neumacontrol\" \/>\n<meta property=\"og:description\" content=\"Nosotros Somos Neumacontrol Una empresa l\u00edder en soluciones para control y automatizaci\u00f3n industrial con m\u00e1s de 10 a\u00f1os de trayectoria. Desde nuestros comienzos, nos hemos enfocado en ofrecer productos y servicios de alta calidad, dise\u00f1ados para ayudar a nuestros clientes a optimizar sus procesos productivos y mejorar su rentabilidad. Durante estos a\u00f1os, hemos trabajado con [&hellip;]\" \/>\n<meta property=\"og:url\" content=\"https:\/\/neumacontrol.com.ec\/?page_id=74\" \/>\n<meta property=\"og:site_name\" content=\"Neumacontrol\" \/>\n<meta property=\"article:modified_time\" content=\"2023-04-02T00:51:39+00:00\" \/>\n<meta property=\"og:image\" content=\"https:\/\/neumacontrol.com.ec\/wp-content\/uploads\/2023\/04\/NOSOTROOS.png\" \/>\n<meta name=\"twitter:card\" content=\"summary_large_image\" \/>\n<meta name=\"twitter:label1\" content=\"Tiempo de lectura\" \/>\n\t<meta name=\"twitter:data1\" content=\"2 minutos\" \/>\n<script type=\"application\/ld+json\" class=\"yoast-schema-graph\">{\"@context\":\"https:\/\/schema.org\",\"@graph\":[{\"@type\":\"WebPage\",\"@id\":\"https:\/\/neumacontrol.com.ec\/?page_id=74\",\"url\":\"https:\/\/neumacontrol.com.ec\/?page_id=74\",\"name\":\"Nosotros - Neumacontrol\",\"isPartOf\":{\"@id\":\"https:\/\/neumacontrol.com.ec\/#website\"},\"datePublished\":\"2020-10-05T12:36:53+00:00\",\"dateModified\":\"2023-04-02T00:51:39+00:00\",\"breadcrumb\":{\"@id\":\"https:\/\/neumacontrol.com.ec\/?page_id=74#breadcrumb\"},\"inLanguage\":\"es\",\"potentialAction\":[{\"@type\":\"ReadAction\",\"target\":[\"https:\/\/neumacontrol.com.ec\/?page_id=74\"]}]},{\"@type\":\"BreadcrumbList\",\"@id\":\"https:\/\/neumacontrol.com.ec\/?page_id=74#breadcrumb\",\"itemListElement\":[{\"@type\":\"ListItem\",\"position\":1,\"name\":\"Portada\",\"item\":\"https:\/\/neumacontrol.com.ec\/\"},{\"@type\":\"ListItem\",\"position\":2,\"name\":\"Nosotros\"}]},{\"@type\":\"WebSite\",\"@id\":\"https:\/\/neumacontrol.com.ec\/#website\",\"url\":\"https:\/\/neumacontrol.com.ec\/\",\"name\":\"Neumacontrol\",\"description\":\"\",\"publisher\":{\"@id\":\"https:\/\/neumacontrol.com.ec\/#organization\"},\"potentialAction\":[{\"@type\":\"SearchAction\",\"target\":{\"@type\":\"EntryPoint\",\"urlTemplate\":\"https:\/\/neumacontrol.com.ec\/?s={search_term_string}\"},\"query-input\":\"required name=search_term_string\"}],\"inLanguage\":\"es\"},{\"@type\":\"Organization\",\"@id\":\"https:\/\/neumacontrol.com.ec\/#organization\",\"name\":\"Neumacontrol\",\"url\":\"https:\/\/neumacontrol.com.ec\/\",\"logo\":{\"@type\":\"ImageObject\",\"inLanguage\":\"es\",\"@id\":\"https:\/\/neumacontrol.com.ec\/#\/schema\/logo\/image\/\",\"url\":\"https:\/\/neumacontrol.com.ec\/wp-content\/uploads\/2023\/03\/logo02.png\",\"contentUrl\":\"https:\/\/neumacontrol.com.ec\/wp-content\/uploads\/2023\/03\/logo02.png\",\"width\":2500,\"height\":839,\"caption\":\"Neumacontrol\"},\"image\":{\"@id\":\"https:\/\/neumacontrol.com.ec\/#\/schema\/logo\/image\/\"}}]}<\/script>\n<!-- \/ Yoast SEO plugin. -->","yoast_head_json":{"title":"Nosotros - Neumacontrol","robots":{"index":"index","follow":"follow","max-snippet":"max-snippet:-1","max-image-preview":"max-image-preview:large","max-video-preview":"max-video-preview:-1"},"canonical":"https:\/\/neumacontrol.com.ec\/?page_id=74","og_locale":"es_ES","og_type":"article","og_title":"Nosotros - Neumacontrol","og_description":"Nosotros Somos Neumacontrol Una empresa l\u00edder en soluciones para control y automatizaci\u00f3n industrial con m\u00e1s de 10 a\u00f1os de trayectoria. Desde nuestros comienzos, nos hemos enfocado en ofrecer productos y servicios de alta calidad, dise\u00f1ados para ayudar a nuestros clientes a optimizar sus procesos productivos y mejorar su rentabilidad. Durante estos a\u00f1os, hemos trabajado con [&hellip;]","og_url":"https:\/\/neumacontrol.com.ec\/?page_id=74","og_site_name":"Neumacontrol","article_modified_time":"2023-04-02T00:51:39+00:00","og_image":[{"url":"https:\/\/neumacontrol.com.ec\/wp-content\/uploads\/2023\/04\/NOSOTROOS.png"}],"twitter_card":"summary_large_image","twitter_misc":{"Tiempo de lectura":"2 minutos"},"schema":{"@context":"https:\/\/schema.org","@graph":[{"@type":"WebPage","@id":"https:\/\/neumacontrol.com.ec\/?page_id=74","url":"https:\/\/neumacontrol.com.ec\/?page_id=74","name":"Nosotros - Neumacontrol","isPartOf":{"@id":"https:\/\/neumacontrol.com.ec\/#website"},"datePublished":"2020-10-05T12:36:53+00:00","dateModified":"2023-04-02T00:51:39+00:00","breadcrumb":{"@id":"https:\/\/neumacontrol.com.ec\/?page_id=74#breadcrumb"},"inLanguage":"es","potentialAction":[{"@type":"ReadAction","target":["https:\/\/neumacontrol.com.ec\/?page_id=74"]}]},{"@type":"BreadcrumbList","@id":"https:\/\/neumacontrol.com.ec\/?page_id=74#breadcrumb","itemListElement":[{"@type":"ListItem","position":1,"name":"Portada","item":"https:\/\/neumacontrol.com.ec\/"},{"@type":"ListItem","position":2,"name":"Nosotros"}]},{"@type":"WebSite","@id":"https:\/\/neumacontrol.com.ec\/#website","url":"https:\/\/neumacontrol.com.ec\/","name":"Neumacontrol","description":"","publisher":{"@id":"https:\/\/neumacontrol.com.ec\/#organization"},"potentialAction":[{"@type":"SearchAction","target":{"@type":"EntryPoint","urlTemplate":"https:\/\/neumacontrol.com.ec\/?s={search_term_string}"},"query-input":"required name=search_term_string"}],"inLanguage":"es"},{"@type":"Organization","@id":"https:\/\/neumacontrol.com.ec\/#organization","name":"Neumacontrol","url":"https:\/\/neumacontrol.com.ec\/","logo":{"@type":"ImageObject","inLanguage":"es","@id":"https:\/\/neumacontrol.com.ec\/#\/schema\/logo\/image\/","url":"https:\/\/neumacontrol.com.ec\/wp-content\/uploads\/2023\/03\/logo02.png","contentUrl":"https:\/\/neumacontrol.com.ec\/wp-content\/uploads\/2023\/03\/logo02.png","width":2500,"height":839,"caption":"Neumacontrol"},"image":{"@id":"https:\/\/neumacontrol.com.ec\/#\/schema\/logo\/image\/"}}]}},"_links":{"self":[{"href":"https:\/\/neumacontrol.com.ec\/index.php?rest_route=\/wp\/v2\/pages\/74","targetHints":{"allow":["GET"]}}],"collection":[{"href":"https:\/\/neumacontrol.com.ec\/index.php?rest_route=\/wp\/v2\/pages"}],"about":[{"href":"https:\/\/neumacontrol.com.ec\/index.php?rest_route=\/wp\/v2\/types\/page"}],"author":[{"embeddable":true,"href":"https:\/\/neumacontrol.com.ec\/index.php?rest_route=\/wp\/v2\/users\/1"}],"replies":[{"embeddable":true,"href":"https:\/\/neumacontrol.com.ec\/index.php?rest_route=%2Fwp%2Fv2%2Fcomments&post=74"}],"version-history":[{"count":13,"href":"https:\/\/neumacontrol.com.ec\/index.php?rest_route=\/wp\/v2\/pages\/74\/revisions"}],"predecessor-version":[{"id":291,"href":"https:\/\/neumacontrol.com.ec\/index.php?rest_route=\/wp\/v2\/pages\/74\/revisions\/291"}],"wp:attachment":[{"href":"https:\/\/neumacontrol.com.ec\/index.php?rest_route=%2Fwp%2Fv2%2Fmedia&parent=74"}],"curies":[{"name":"wp","href":"https:\/\/api.w.org\/{rel}","templated":true}]}}